{"id":339,"date":"2016-07-11T01:52:24","date_gmt":"2016-07-10T23:52:24","guid":{"rendered":"http:\/\/www.innotech-ht.com\/11161_innotech\/?page_id=339"},"modified":"2018-05-24T14:58:44","modified_gmt":"2018-05-24T12:58:44","slug":"impressum","status":"publish","type":"page","link":"http:\/\/www.innotech-ht.com\/en\/impressum\/","title":{"rendered":"Impressum"},"content":{"rendered":"<div class=\"container\">\n<h1>Impressum<\/h1>\n<h3>Sitz der Gesch\u00e4ftsleitung:<\/h3>\n<p>INNOTECH Holztechnologien GmbH<\/p>\n<p>F\u00fcrstenwalder Allee 28<\/p>\n<p>12589 Berlin-Rahnsdorf<\/p>\n<p>Tel.:<\/p>\n<p>+49-(0)30 &#8211; 809 32 811<\/p>\n<h3>Vertretungsberechtigter Gesch\u00e4ftsf\u00fchrer<\/h3>\n<p>Prof. Dr.-Ing. (habil.) Dr. h. c. Thomas Stautmeister<\/p>\n<h3>Registergericht:<\/h3>\n<p>Amtsgericht Charlottenburg<\/p>\n<h3>Registernummer:<\/h3>\n<p>HRB 37514<\/p>\n<h3>Umsatzsteuer-Identifikationsnummer gem\u00e4\u00df \u00a7 27 a Umsatzsteuergesetz:<\/h3>\n<p>DE 137187720<\/p>\n<p>web:<\/p>\n<blockquote class=\"wp-embedded-content\" data-secret=\"ibElmkj52t\"><p><a href=\"http:\/\/www.innotech-ht.com\/en\/\">Home<\/a><\/p><\/blockquote>\n<p><iframe class=\"wp-embedded-content\" sandbox=\"allow-scripts\" security=\"restricted\" style=\"position: absolute; clip: rect(1px, 1px, 1px, 1px);\" src=\"http:\/\/www.innotech-ht.com\/en\/embed\/#?secret=ibElmkj52t\" data-secret=\"ibElmkj52t\" width=\"500\" height=\"282\" title=\"&#8222;Home&#8220; &#8212; Innotech\" frameborder=\"0\" marginwidth=\"0\" marginheight=\"0\" scrolling=\"no\"><\/iframe><\/p>\n<p>E-Mail:<br \/>\nzentrale@innotech-ht.com<\/p>\n<h3>Haftungshinweis<\/h3>\n<p>Trotz sorgf\u00e4ltiger inhaltlicher Kontrolle \u00fcbernehmen wir keine Haftung f\u00fcr die Inhalte externer Links. F\u00fcr den Inhalt der verlinkten Seiten sind ausschlie\u00dflich deren Betreiber verantwortlich.<\/p>\n<h3>Streitbeilegung<\/h3>\n<p>An au\u00dfergerichtlichen Streitbeilegungsverfahren im Sinne des VSBG nehmen wir nicht teil.\n<\/p><\/div>\n","protected":false},"excerpt":{"rendered":"<p>Impressum Sitz der Gesch\u00e4ftsleitung: INNOTECH Holztechnologien GmbH F\u00fcrstenwalder Allee 28 12589 Berlin-Rahnsdorf Tel.: +49-(0)30 &#8211; 809 32 811 Vertretungsberechtigter Gesch\u00e4ftsf\u00fchrer Prof. Dr.-Ing. (habil.) Dr. h. c. Thomas Stautmeister Registergericht: Amtsgericht Charlottenburg Registernummer: HRB 37514 Umsatzsteuer-Identifikationsnummer gem\u00e4\u00df \u00a7 27 a Umsatzsteuergesetz: DE 137187720 web: Home E-Mail: zentrale@innotech-ht.com Haftungshinweis Trotz sorgf\u00e4ltiger inhaltlicher Kontrolle \u00fcbernehmen wir keine Haftung [&hellip;]<\/p>\n","protected":false},"author":1,"featured_media":0,"parent":0,"menu_order":0,"comment_status":"closed","ping_status":"closed","template":"","meta":{"_mi_skip_tracking":false},"yoast_head":"<!-- This site is optimized with the Yoast SEO plugin v18.2 - https:\/\/yoast.com\/wordpress\/plugins\/seo\/ -->\n<title>Impressum - Innotech<\/title>\n<meta name=\"robots\" content=\"index, follow, max-snippet:-1, max-image-preview:large, max-video-preview:-1\" \/>\n<link rel=\"canonical\" href=\"http:\/\/www.innotech-ht.com\/en\/impressum\/\" \/>\n<meta property=\"og:locale\" content=\"en_US\" \/>\n<meta property=\"og:type\" content=\"article\" \/>\n<meta property=\"og:title\" content=\"Impressum - Innotech\" \/>\n<meta property=\"og:description\" content=\"Impressum Sitz der Gesch\u00e4ftsleitung: INNOTECH Holztechnologien GmbH F\u00fcrstenwalder Allee 28 12589 Berlin-Rahnsdorf Tel.: +49-(0)30 &#8211; 809 32 811 Vertretungsberechtigter Gesch\u00e4ftsf\u00fchrer Prof. Dr.-Ing. (habil.) Dr. h. c. Thomas Stautmeister Registergericht: Amtsgericht Charlottenburg Registernummer: HRB 37514 Umsatzsteuer-Identifikationsnummer gem\u00e4\u00df \u00a7 27 a Umsatzsteuergesetz: DE 137187720 web: Home E-Mail: zentrale@innotech-ht.com Haftungshinweis Trotz sorgf\u00e4ltiger inhaltlicher Kontrolle \u00fcbernehmen wir keine Haftung [&hellip;]\" \/>\n<meta property=\"og:url\" content=\"http:\/\/www.innotech-ht.com\/en\/impressum\/\" \/>\n<meta property=\"og:site_name\" content=\"Innotech\" \/>\n<meta property=\"article:publisher\" content=\"https:\/\/www.facebook.com\/InnotechHT\/\" \/>\n<meta property=\"article:modified_time\" content=\"2018-05-24T12:58:44+00:00\" \/>\n<meta name=\"twitter:card\" content=\"summary\" \/>\n<script type=\"application\/ld+json\" class=\"yoast-schema-graph\">{\"@context\":\"https:\/\/schema.org\",\"@graph\":[{\"@type\":\"WebSite\",\"@id\":\"http:\/\/www.innotech-ht.com\/#website\",\"url\":\"http:\/\/www.innotech-ht.com\/\",\"name\":\"Innotech\",\"description\":\"Ihr Partner\",\"potentialAction\":[{\"@type\":\"SearchAction\",\"target\":{\"@type\":\"EntryPoint\",\"urlTemplate\":\"http:\/\/www.innotech-ht.com\/?s={search_term_string}\"},\"query-input\":\"required name=search_term_string\"}],\"inLanguage\":\"en-US\"},{\"@type\":\"WebPage\",\"@id\":\"http:\/\/www.innotech-ht.com\/en\/impressum\/#webpage\",\"url\":\"http:\/\/www.innotech-ht.com\/en\/impressum\/\",\"name\":\"Impressum - Innotech\",\"isPartOf\":{\"@id\":\"http:\/\/www.innotech-ht.com\/#website\"},\"datePublished\":\"2016-07-10T23:52:24+00:00\",\"dateModified\":\"2018-05-24T12:58:44+00:00\",\"breadcrumb\":{\"@id\":\"http:\/\/www.innotech-ht.com\/en\/impressum\/#breadcrumb\"},\"inLanguage\":\"en-US\",\"potentialAction\":[{\"@type\":\"ReadAction\",\"target\":[\"http:\/\/www.innotech-ht.com\/en\/impressum\/\"]}]},{\"@type\":\"BreadcrumbList\",\"@id\":\"http:\/\/www.innotech-ht.com\/en\/impressum\/#breadcrumb\",\"itemListElement\":[{\"@type\":\"ListItem\",\"position\":1,\"name\":\"Startseite\",\"item\":\"http:\/\/www.innotech-ht.com\/en\/\"},{\"@type\":\"ListItem\",\"position\":2,\"name\":\"Impressum\"}]}]}<\/script>\n<!-- \/ Yoast SEO plugin. -->","yoast_head_json":{"title":"Impressum - Innotech","robots":{"index":"index","follow":"follow","max-snippet":"max-snippet:-1","max-image-preview":"max-image-preview:large","max-video-preview":"max-video-preview:-1"},"canonical":"http:\/\/www.innotech-ht.com\/en\/impressum\/","og_locale":"en_US","og_type":"article","og_title":"Impressum - Innotech","og_description":"Impressum Sitz der Gesch\u00e4ftsleitung: INNOTECH Holztechnologien GmbH F\u00fcrstenwalder Allee 28 12589 Berlin-Rahnsdorf Tel.: +49-(0)30 &#8211; 809 32 811 Vertretungsberechtigter Gesch\u00e4ftsf\u00fchrer Prof. Dr.-Ing. (habil.) Dr. h. c. Thomas Stautmeister Registergericht: Amtsgericht Charlottenburg Registernummer: HRB 37514 Umsatzsteuer-Identifikationsnummer gem\u00e4\u00df \u00a7 27 a Umsatzsteuergesetz: DE 137187720 web: Home E-Mail: zentrale@innotech-ht.com Haftungshinweis Trotz sorgf\u00e4ltiger inhaltlicher Kontrolle \u00fcbernehmen wir keine Haftung [&hellip;]","og_url":"http:\/\/www.innotech-ht.com\/en\/impressum\/","og_site_name":"Innotech","article_publisher":"https:\/\/www.facebook.com\/InnotechHT\/","article_modified_time":"2018-05-24T12:58:44+00:00","twitter_card":"summary","schema":{"@context":"https:\/\/schema.org","@graph":[{"@type":"WebSite","@id":"http:\/\/www.innotech-ht.com\/#website","url":"http:\/\/www.innotech-ht.com\/","name":"Innotech","description":"Ihr Partner","potentialAction":[{"@type":"SearchAction","target":{"@type":"EntryPoint","urlTemplate":"http:\/\/www.innotech-ht.com\/?s={search_term_string}"},"query-input":"required name=search_term_string"}],"inLanguage":"en-US"},{"@type":"WebPage","@id":"http:\/\/www.innotech-ht.com\/en\/impressum\/#webpage","url":"http:\/\/www.innotech-ht.com\/en\/impressum\/","name":"Impressum - Innotech","isPartOf":{"@id":"http:\/\/www.innotech-ht.com\/#website"},"datePublished":"2016-07-10T23:52:24+00:00","dateModified":"2018-05-24T12:58:44+00:00","breadcrumb":{"@id":"http:\/\/www.innotech-ht.com\/en\/impressum\/#breadcrumb"},"inLanguage":"en-US","potentialAction":[{"@type":"ReadAction","target":["http:\/\/www.innotech-ht.com\/en\/impressum\/"]}]},{"@type":"BreadcrumbList","@id":"http:\/\/www.innotech-ht.com\/en\/impressum\/#breadcrumb","itemListElement":[{"@type":"ListItem","position":1,"name":"Startseite","item":"http:\/\/www.innotech-ht.com\/en\/"},{"@type":"ListItem","position":2,"name":"Impressum"}]}]}},"_links":{"self":[{"href":"http:\/\/www.innotech-ht.com\/en\/wp-json\/wp\/v2\/pages\/339"}],"collection":[{"href":"http:\/\/www.innotech-ht.com\/en\/wp-json\/wp\/v2\/pages"}],"about":[{"href":"http:\/\/www.innotech-ht.com\/en\/wp-json\/wp\/v2\/types\/page"}],"author":[{"embeddable":true,"href":"http:\/\/www.innotech-ht.com\/en\/wp-json\/wp\/v2\/users\/1"}],"replies":[{"embeddable":true,"href":"http:\/\/www.innotech-ht.com\/en\/wp-json\/wp\/v2\/comments?post=339"}],"version-history":[{"count":5,"href":"http:\/\/www.innotech-ht.com\/en\/wp-json\/wp\/v2\/pages\/339\/revisions"}],"predecessor-version":[{"id":812,"href":"http:\/\/www.innotech-ht.com\/en\/wp-json\/wp\/v2\/pages\/339\/revisions\/812"}],"wp:attachment":[{"href":"http:\/\/www.innotech-ht.com\/en\/wp-json\/wp\/v2\/media?parent=339"}],"curies":[{"name":"wp","href":"https:\/\/api.w.org\/{rel}","templated":true}]}}